{"id":129,"date":"2021-11-26T16:08:36","date_gmt":"2021-11-26T15:08:36","guid":{"rendered":"https:\/\/asso-art.org\/?page_id=129"},"modified":"2025-12-07T10:53:02","modified_gmt":"2025-12-07T09:53:02","slug":"actualites","status":"publish","type":"page","link":"https:\/\/asso-art.org\/index.php\/actualites\/","title":{"rendered":"Actualit\u00e9s"},"content":{"rendered":"\n<ul>\n<li><strong>Jusqu&#8217;au 3 mai 2026, Mus\u00e9e du verre de Charleroi<\/strong> : projection du film &#8220;Antoine Leperlier, Ni verrier, ni peintre, ni sculpteur&#8221; dans le cadre de son exposition focus<br><\/li>\n\n\n\n<li><strong>21 novembre 2025<\/strong> : Festival F&#8217;A&#8217;A, Aubigny-sur-N\u00e8re, projection scolaire avec 140 \u00e9l\u00e8ves de coll\u00e8ge du film Vladimir Zbynovsky, Le cycle des m\u00e9tamorphoses et rencontre avec l&#8217;artiste.<br><\/li>\n\n\n\n<li><strong>Dimanche<\/strong> <strong>30 mars 2025 : Projection du film Vladimir Zbynovsky, le cycle des m\u00e9tamorphoses au MIFAC<\/strong><br><br><img loading=\"lazy\" decoding=\"async\" width=\"350\" height=\"278\" class=\"wp-image-407\" style=\"width: 350px;\" src=\"http:\/\/asso-art.org\/wp-content\/uploads\/2025\/04\/PHOTO-2024-06-17-10-58-16-2.jpg\" alt=\"Vladimir Zbynovsky \u00e0 la Basilique de Saint-Denis\" srcset=\"https:\/\/asso-art.org\/wp-content\/uploads\/2025\/04\/PHOTO-2024-06-17-10-58-16-2.jpg 1600w, https:\/\/asso-art.org\/wp-content\/uploads\/2025\/04\/PHOTO-2024-06-17-10-58-16-2-300x238.jpg 300w, https:\/\/asso-art.org\/wp-content\/uploads\/2025\/04\/PHOTO-2024-06-17-10-58-16-2-1024x813.jpg 1024w, https:\/\/asso-art.org\/wp-content\/uploads\/2025\/04\/PHOTO-2024-06-17-10-58-16-2-768x610.jpg 768w, https:\/\/asso-art.org\/wp-content\/uploads\/2025\/04\/PHOTO-2024-06-17-10-58-16-2-1536x1219.jpg 1536w, https:\/\/asso-art.org\/wp-content\/uploads\/2025\/04\/PHOTO-2024-06-17-10-58-16-2-350x278.jpg 350w\" sizes=\"(max-width: 350px) 100vw, 350px\" \/> De quelle plan\u00e8te, quel tourbillon de mati\u00e8re du fond de l\u2019espace et du temps sont n\u00e9es les \u0153uvres de Vladimir Zbynovsky, ces capteurs napp\u00e9s d\u2019une lumi\u00e8re particuli\u00e8re, qui se r\u00e9v\u00e8lent \u00eatre de pierre et de verre\u00a0? Comme tomb\u00e9s du ciel, immuables, et pourtant l\u2019aboutissement d\u2019un cycle de m\u00e9tamorphoses dans lequel jouent les forces gravitationnelles, le temps, l\u2019\u00e9nergie de la lumi\u00e8re\u2026 et la main du sculpteur.<br>Entre physique cosmique et r\u00e9flexion sur l\u2019\u00eatre, l\u2019artiste taille sa pierre philosophale.<br><\/li>\n\n\n\n<li><strong>15 novembre 2024<\/strong><br><br><img loading=\"lazy\" decoding=\"async\" width=\"350\" height=\"263\" class=\"wp-image-415\" style=\"width: 350px;\" src=\"http:\/\/asso-art.org\/wp-content\/uploads\/2025\/04\/lycee-victor-laloux-novembre-2024.jpg\" alt=\"J\u00e9r\u00e9mie Lenoir avec les \u00e9l\u00e8ves\" srcset=\"https:\/\/asso-art.org\/wp-content\/uploads\/2025\/04\/lycee-victor-laloux-novembre-2024.jpg 1600w, https:\/\/asso-art.org\/wp-content\/uploads\/2025\/04\/lycee-victor-laloux-novembre-2024-300x225.jpg 300w, https:\/\/asso-art.org\/wp-content\/uploads\/2025\/04\/lycee-victor-laloux-novembre-2024-1024x768.jpg 1024w, https:\/\/asso-art.org\/wp-content\/uploads\/2025\/04\/lycee-victor-laloux-novembre-2024-768x576.jpg 768w, https:\/\/asso-art.org\/wp-content\/uploads\/2025\/04\/lycee-victor-laloux-novembre-2024-1536x1152.jpg 1536w, https:\/\/asso-art.org\/wp-content\/uploads\/2025\/04\/lycee-victor-laloux-novembre-2024-350x263.jpg 350w\" sizes=\"(max-width: 350px) 100vw, 350px\" \/> Rencontre au Lyc\u00e9e Victor Laloux avec 50 \u00e9l\u00e8ves en 1e et Terminale Bac pro photographie autour de J\u00e9r\u00e9mie Lenoir et Alain Bouillot.<br>Merci aux enseignants d\u2019avoir eu le d\u00e9sir de cette rencontre pour nourrir l\u2019imaginaire de leurs \u00e9l\u00e8ves, et d\u2019avoir fait confiance \u00e0 l\u2019association<br><br><\/li>\n\n\n\n<li><strong>Samedi 9 novembre 2024 &#8211; mus\u00e9e du verre, Conches-en-Ouche<\/strong><br><br>\u00c0 l\u2019occasion du Mois du film documentaire, projection du film <strong>Antoine Leperlier, Ni verrrier, ni peintre, ni sculpteur<\/strong> au Mus\u00e9e du Verre Fran\u00e7ois D\u00e9corchemont de Conches-en-Ouche, dans le cadre de son exposition &#8220;Donner forme au temps.&#8221;<br>C\u2019est en donnant sa chance au hasard, en lui faisant confiance, en lui donnant enfin pour mission d\u2019ordonner le chaos en fusion, le requ\u00e9rant tout autant que ma propre volont\u00e9, que je cr\u00e9e en d\u00e9finitives ces sortes de veduta cristallis\u00e9es. \u2013 Antoine Leperlier<br>Deux s\u00e9ances, \u00e0 15h et \u00e0 16h.<br><\/li>\n<\/ul>\n\n\n\n<ul>\n<li><strong><strong>13, 14 et 15 septembre 2024 : Filmer l&#8217;Art et l&#8217;Architecture<\/strong><br><a href=\"https:\/\/filmerlart.com\/\" data-type=\"link\" data-id=\"https:\/\/filmerlart.com\/\">https:\/\/filmerlart.com\/<\/a><strong> <\/strong><\/strong><br><br><strong>Trois films de l&#8217;association ont \u00e9t\u00e9 s\u00e9lectionn\u00e9s pour \u00eatre diffus\u00e9s \u00e0 la galerie Fran\u00e7ois 1er d&#8217;Aubigny-sur-N\u00e8re dans le cadre du festival Filmer l&#8217;Art et l&#8217;Architecture qui a eu lieu les 13, 14 et 15 septembre.<\/strong>&nbsp;<strong>Georges Jeanclos, Murmures&nbsp;Michel Madore, En bordure du silence&nbsp;Mais qui se cache derri\u00e8re Jacky Coville ?<\/strong><br>Pour sa deuxi\u00e8me \u00e9dition, le Festival F\u2019A\u2019A \u2013 festival de cin\u00e9ma sur l\u2019art et sur l\u2019architecture \u2013 a propos\u00e9 des regards aiguis\u00e9s sur l\u2019histoire de l\u2019art par les cin\u00e9astes et les artistes eux-m\u00eames.Du vendredi 13 &nbsp;au dimanche 15 septembre, vingt r\u00e9alisateurs, artistes, curateurs et historiens d\u2019art ont pr\u00e9sent\u00e9 8 s\u00e9ances compos\u00e9es d\u2019une trentaine de films.&nbsp;<strong>Une projection pour les 146 \u00e9l\u00e8ves de 4\u00e8me du coll\u00e8ge Coll\u00e8ge G\u00e9rard Philipe du film Michel Madore, En bordure du silence a eu lieu le vendredi.&nbsp;Un grand merci au festival pour cette action aupr\u00e8s des jeunes !<\/strong><\/li>\n<\/ul>\n\n\n\n<p><\/p>\n\n\n\n<ul>\n<li><strong>Samedi 8 juin 2024 : Soir\u00e9e autour de Jani et Michel Madore<\/strong><br><br><img loading=\"lazy\" decoding=\"async\" width=\"150\" height=\"150\" class=\"wp-image-402\" style=\"width: 150px;\" src=\"http:\/\/asso-art.org\/wp-content\/uploads\/2024\/05\/Portrait-Jani-carre.jpg\" alt=\"\" srcset=\"https:\/\/asso-art.org\/wp-content\/uploads\/2024\/05\/Portrait-Jani-carre.jpg 442w, https:\/\/asso-art.org\/wp-content\/uploads\/2024\/05\/Portrait-Jani-carre-300x300.jpg 300w, https:\/\/asso-art.org\/wp-content\/uploads\/2024\/05\/Portrait-Jani-carre-150x150.jpg 150w, https:\/\/asso-art.org\/wp-content\/uploads\/2024\/05\/Portrait-Jani-carre-100x100.jpg 100w, https:\/\/asso-art.org\/wp-content\/uploads\/2024\/05\/Portrait-Jani-carre-250x250.jpg 250w, https:\/\/asso-art.org\/wp-content\/uploads\/2024\/05\/Portrait-Jani-carre-350x350.jpg 350w\" sizes=\"(max-width: 150px) 100vw, 150px\" \/>    <img loading=\"lazy\" decoding=\"async\" width=\"150\" height=\"150\" class=\"wp-image-403\" style=\"width: 150px;\" src=\"http:\/\/asso-art.org\/wp-content\/uploads\/2024\/05\/madore-carree.jpg\" alt=\"\" srcset=\"https:\/\/asso-art.org\/wp-content\/uploads\/2024\/05\/madore-carree.jpg 288w, https:\/\/asso-art.org\/wp-content\/uploads\/2024\/05\/madore-carree-150x150.jpg 150w, https:\/\/asso-art.org\/wp-content\/uploads\/2024\/05\/madore-carree-100x100.jpg 100w, https:\/\/asso-art.org\/wp-content\/uploads\/2024\/05\/madore-carree-250x250.jpg 250w\" sizes=\"(max-width: 150px) 100vw, 150px\" \/><br>Nous avons le grand plaisir de vous inviter \u00e0 notre prochaine soir\u00e9e \u00e9v\u00e8nement autour de JANI et Michel MADORE \u00e0 l\u2019occasion de la sortie du nouveau livre de Jani, <em>Le temps des roseaux<\/em> et du coffret de bibliophile Michel Madore <br><strong>samedi 8 juin \u00e0 19h \u00e0 la galerie Capazza, Nan\u00e7ay<\/strong><br><\/li>\n\n\n\n<li><strong>Au programme : <\/strong><\/li>\n\n\n\n<li>Projection des films <em>En bordure du silence<\/em> sur Michel Madore et <em>La g\u00e9om\u00e9trie des r\u00eaves<\/em> sur Jani r\u00e9alisation B\u00e9reng\u00e8re Casanova, Equipage media<\/li>\n\n\n\n<li> Lecture d\u2019extraits de textes Yves Bescond et Cypris Kophid\u00e8s, \u00e9ditions Diabase <\/li>\n\n\n\n<li>Rencontre avec les artistes et membres de l\u2019association, d\u00e9dicaces Collation<\/li>\n\n\n\n<li>Entr\u00e9e ouverte \u00e0 toutes et tous, contribution au chapeau.<br><\/li>\n\n\n\n<li><strong>Le film Michel Madore, En bordure du silence a \u00e9t\u00e9 projet\u00e9 au MIFAC 2024<\/strong><br>Vendredi 22 mars<br>Retrouvez l&#8217;int\u00e9gralit\u00e9 du programme <a href=\"https:\/\/www.mifac-festival.com\/le-programme-du-mifac\">ici<\/a><br><\/li>\n\n\n\n<li><strong>Jusqu&#8217;au 4 mars 2024, le film Georges Jeanclos est visible \u00e0 l&#8217;Abbaye Royale de Fontevraud <\/strong>dans le cadre de l&#8217;exposition El\u00e9vation, Georges Jeanclos<br><\/li>\n\n\n\n<li><strong>Commandez le coffret de bibliophile Michel Madore<\/strong><br>Coffret comprenant un livre en \u00e9dition limit\u00e9e, un DVD du film et <br>un dessin original pi\u00e8ce unique<br><a href=\"https:\/\/www.helloasso.com\/associations\/aimer-ressentir-transmettre\/boutiques\/coffret-de-bibliophile-michel-madore\">400\u20ac <\/a><\/li>\n<\/ul>\n\n\n\n<ul>\n<li><strong>Du 9 au 17 d\u00e9cembre 2023<\/strong><br>Retrouvez les films de l&#8217;association au salon Art&#8217;Emotion \u00e0 La Garnache (Vend\u00e9e)<br>Sont projet\u00e9s en boucle pendant toute la dur\u00e9e du salon !<\/li>\n<\/ul>\n\n\n\n<ul>\n<li><strong>vendredi 9 juin 2023 \u00e0<\/strong> <strong>18h<\/strong><br><strong><u>soir\u00e9e Michel Madore et autres r\u00e9jouissances<\/u><\/strong><br>Avant-premi\u00e8re de la projection du film&nbsp;<br><em><strong>En bordure du silence<\/strong><\/em><strong> sur le peintre Michel Madore<\/strong><br>r\u00e9alisation B\u00e9reng\u00e8re Casanova, Equipage media<br><br><img loading=\"lazy\" decoding=\"async\" width=\"850\" height=\"638\" class=\"wp-image-353\" style=\"width: 850px;\" src=\"http:\/\/asso-art.org\/wp-content\/uploads\/2023\/05\/tournage-Madore.jpeg\" alt=\"\" srcset=\"https:\/\/asso-art.org\/wp-content\/uploads\/2023\/05\/tournage-Madore.jpeg 1023w, https:\/\/asso-art.org\/wp-content\/uploads\/2023\/05\/tournage-Madore-300x225.jpeg 300w, https:\/\/asso-art.org\/wp-content\/uploads\/2023\/05\/tournage-Madore-768x577.jpeg 768w, https:\/\/asso-art.org\/wp-content\/uploads\/2023\/05\/tournage-Madore-350x263.jpeg 350w\" sizes=\"(max-width: 767px) 89vw, (max-width: 1000px) 54vw, (max-width: 1071px) 543px, 580px\" \/><br><br>Lecture d&#8217;extraits de texte par <strong>Yves Bescond, \u00e9ditions Diabase<\/strong><br><br>Pr\u00e9sence exceptionnelle de <strong>Ludovic Duhamel<\/strong>,&nbsp;<br>directeur du <strong>MIFAC<\/strong> (March\u00e9 international du Film sur l&#8217;art contemporain)&nbsp;<br>qui nous parlera de la nouvelle version du festival dans la ville d&#8217;Angoul\u00eame.<br><br>D\u00e9couverte des nouveaux DVD de l&#8217;association \ud83d\ude42&nbsp;<br><br>Collation<br><br><em>La soir\u00e9e aura lieu \u00e0 la galerie Capazza de Nan\u00e7ay<\/em><br>entr\u00e9e au chapeau<\/li>\n<\/ul>\n\n\n\n<ul>\n<li><strong>vendredi<\/strong> <strong>3 f\u00e9vrier 2023 \u00e0 17h  : Projection publique au cin\u00e9ma d&#8217;Aubigny-sur-N\u00e8re<\/strong> des films Jani, Franta, Jacky Coville et Antoine Leperlier + rencontre avec les membres de l&#8217;association. Entr\u00e9e libre.   <a href=\"https:\/\/www.aubigny.net\/Atomic-Cinema\" target=\"_blank\" rel=\"noreferrer noopener\">https:\/\/www.aubigny.net\/Atomic-Cinema<\/a><\/li>\n<\/ul>\n\n\n\n<ul>\n<li><strong>mardi<\/strong> <strong>17 janvier 2023 \u00e0 18h  : Projection des films Antoine Leperlier et Udo Zembok au Bouillon, Universit\u00e9 d&#8217;Orl\u00e9ans<\/strong> + <strong>rencontre avec Antoine Leperlier<\/strong><\/li>\n<\/ul>\n\n\n\n<figure class=\"wp-block-image size-full is-style-default\"><img loading=\"lazy\" decoding=\"async\" width=\"850\" height=\"638\" src=\"http:\/\/asso-art.org\/wp-content\/uploads\/2022\/12\/projection-Antoine-Leperlier.jpg\" alt=\"\" class=\"wp-image-334\" srcset=\"https:\/\/asso-art.org\/wp-content\/uploads\/2022\/12\/projection-Antoine-Leperlier.jpg 850w, https:\/\/asso-art.org\/wp-content\/uploads\/2022\/12\/projection-Antoine-Leperlier-300x225.jpg 300w, https:\/\/asso-art.org\/wp-content\/uploads\/2022\/12\/projection-Antoine-Leperlier-768x576.jpg 768w, https:\/\/asso-art.org\/wp-content\/uploads\/2022\/12\/projection-Antoine-Leperlier-350x263.jpg 350w\" sizes=\"(max-width: 767px) 89vw, (max-width: 1000px) 54vw, (max-width: 1071px) 543px, 580px\" \/><figcaption class=\"wp-element-caption\">Projection Antoine Leperlier au lyc\u00e9e du Subdray, 2022<\/figcaption><\/figure>\n\n\n\n<p><a href=\"https:\/\/www.univ-orleans.fr\/fr\/culture\/decouvrir\/le-bouillon\">https:\/\/www.univ-orleans.fr\/fr\/culture\/decouvrir\/le-bouillon<\/a><\/p>\n\n\n\n<figure class=\"wp-block-gallery has-nested-images columns-default is-cropped wp-block-gallery-1 is-layout-flex wp-block-gallery-is-layout-flex\">\n<figure class=\"wp-block-image size-large\"><img loading=\"lazy\" decoding=\"async\" width=\"842\" height=\"595\" data-id=\"343\" src=\"http:\/\/asso-art.org\/wp-content\/uploads\/2023\/01\/Article-Miroir-de-lArt.jpg\" alt=\"\" class=\"wp-image-343\" srcset=\"https:\/\/asso-art.org\/wp-content\/uploads\/2023\/01\/Article-Miroir-de-lArt.jpg 842w, https:\/\/asso-art.org\/wp-content\/uploads\/2023\/01\/Article-Miroir-de-lArt-300x212.jpg 300w, https:\/\/asso-art.org\/wp-content\/uploads\/2023\/01\/Article-Miroir-de-lArt-768x543.jpg 768w, https:\/\/asso-art.org\/wp-content\/uploads\/2023\/01\/Article-Miroir-de-lArt-350x247.jpg 350w\" sizes=\"(max-width: 767px) 89vw, (max-width: 1000px) 54vw, (max-width: 1071px) 543px, 580px\" \/><\/figure>\n<\/figure>\n\n\n\n<ul>\n<li><strong>25 septembre 2022 : le film Jani, la g\u00e9om\u00e9trie du r\u00eave a \u00e9t\u00e9 projet\u00e9 au MIFAC <\/strong><br>https:\/\/www.mifac-festival.com\/<\/li>\n<\/ul>\n\n\n\n<figure class=\"wp-block-image size-large\"><img loading=\"lazy\" decoding=\"async\" width=\"1024\" height=\"576\" src=\"http:\/\/asso-art.org\/wp-content\/uploads\/2022\/04\/FE2550C0-75E3-41A0-965C-BD4D3F06BA92-1024x576.jpeg\" alt=\"\" class=\"wp-image-297\" srcset=\"https:\/\/asso-art.org\/wp-content\/uploads\/2022\/04\/FE2550C0-75E3-41A0-965C-BD4D3F06BA92-1024x576.jpeg 1024w, https:\/\/asso-art.org\/wp-content\/uploads\/2022\/04\/FE2550C0-75E3-41A0-965C-BD4D3F06BA92-300x169.jpeg 300w, https:\/\/asso-art.org\/wp-content\/uploads\/2022\/04\/FE2550C0-75E3-41A0-965C-BD4D3F06BA92-768x432.jpeg 768w, https:\/\/asso-art.org\/wp-content\/uploads\/2022\/04\/FE2550C0-75E3-41A0-965C-BD4D3F06BA92-1536x864.jpeg 1536w, https:\/\/asso-art.org\/wp-content\/uploads\/2022\/04\/FE2550C0-75E3-41A0-965C-BD4D3F06BA92-350x197.jpeg 350w, https:\/\/asso-art.org\/wp-content\/uploads\/2022\/04\/FE2550C0-75E3-41A0-965C-BD4D3F06BA92.jpeg 2016w\" sizes=\"(max-width: 767px) 89vw, (max-width: 1000px) 54vw, (max-width: 1071px) 543px, 580px\" \/><\/figure>\n\n\n\n<p><\/p>\n\n\n\n<div class=\"wp-block-media-text alignwide is-stacked-on-mobile\" style=\"grid-template-columns:36% auto\"><figure class=\"wp-block-media-text__media\"><img loading=\"lazy\" decoding=\"async\" width=\"442\" height=\"692\" src=\"https:\/\/asso-art.org\/wp-content\/uploads\/2021\/11\/Portrait-Jani.jpg\" alt=\"\" class=\"wp-image-131 size-full\" srcset=\"https:\/\/asso-art.org\/wp-content\/uploads\/2021\/11\/Portrait-Jani.jpg 442w, https:\/\/asso-art.org\/wp-content\/uploads\/2021\/11\/Portrait-Jani-350x548.jpg 350w, https:\/\/asso-art.org\/wp-content\/uploads\/2021\/11\/Portrait-Jani-192x300.jpg 192w\" sizes=\"(max-width: 442px) 100vw, 442px\" \/><\/figure><div class=\"wp-block-media-text__content\">\n<p>Ce nouveau projet port\u00e9 par A.R.T mettra en lumi\u00e8re la pratique artistique et le parcours de l\u2019artiste Jani.<br>Un film sera r\u00e9alis\u00e9 par Equipage Media, permettant \u00e0 l\u2019artiste de partager son exp\u00e9rience, son savoir-faire et son savoir-\u00eatre\u2026.<br>Un nouvel ouvrage sera publi\u00e9 aux Editions Diabase, rassemblant notes d\u2019ateliers et r\u00e9flexions de vie.<br>Jani a sp\u00e9cialement r\u00e9alis\u00e9 pour ce double projet des dessins sur papier &#8211; tous uniques &#8211; afin de vous offrir le plaisir de soutenir cette aventure.<\/p>\n<\/div><\/div>\n\n\n\n<p><br>C\u2019est \u00e0 l\u2019Ecole des Arts Appliqu\u00e9s de Paris, o\u00f9 je suis rentr\u00e9e en 1948, que j\u2019ai d\u00e9couvert la g\u00e9om\u00e9trie plane et dans l\u2019espace. L\u2019int\u00e9r\u00eat que je portais \u00e0 cette discipline devint tr\u00e8s vite une passion, mais qui ne pouvait, \u00e0 l\u2019\u00e9poque, s\u2019int\u00e9grer \u00e0 ma peinture. Et, durant des ann\u00e9es, je n\u2019ai pu trouver l\u2019architecture&nbsp; mentale, non artificielle, que je cherchais. Il m\u2019a fallu de multiples exp\u00e9riences, parcourir un long chemin, assimiler diff\u00e9rentes cultures, pour r\u00e9aliser, tout d\u2019abord des Mandalas contemporains et, ensuite, ce que j\u2019ai appel\u00e9 les&nbsp;M\u00e9moires Palatines.<\/p>\n\n\n\n<p>Ma rencontre avec Sa Saintet\u00e9 le Dala\u00ef-Lama, \u00e0 Dharamsala en Inde, au cours de l\u2019hiver 70, fut d\u00e9terminante. La G\u00e9om\u00e9trie centr\u00e9e, charg\u00e9e d\u2019un Sens, enfin, m\u2019est apparue comme une \u00e9vidence int\u00e9rieure incontournable. En effet, les Mandalas, les Thankas, les Palais, les Portes, avec leurs g\u00e9om\u00e9tries complexes et signifiantes, m\u2019ont ouvert la voie.<\/p>\n\n\n\n<p>Depuis 50 ann\u00e9es, cette recherche est sans limite, sans \u00e2ge. Elle \u00e9volue selon les conditions temporelles et la compr\u00e9hension que je peux avoir de l\u2019Instant.<\/p>\n\n\n\n<p><\/p>\n\n\n\n<h2 class=\"wp-block-heading\">Vous souhaitez apporter votre pierre \u00e0 l\u2019\u00e9difice ?&nbsp;Deux solutions s\u2019offrent \u00e0 vous&#8230;<\/h2>\n\n\n\n<div class=\"wp-block-columns is-layout-flex wp-container-core-columns-is-layout-1 wp-block-columns-is-layout-flex\">\n<div class=\"wp-block-column is-layout-flow wp-block-column-is-layout-flow\">\n<p class=\"has-text-align-center has-text-color\" style=\"color:#a25f31\"><strong>Ahims\u00e2 &#8211; 500 \u20ac<\/strong><\/p>\n\n\n\n<ul>\n<li><strong>un coffret de bibliophile comprenant :<\/strong><\/li>\n\n\n\n<li>une oeuvre unique non encadr\u00e9e <br>(format 20 x 13 cm)<\/li>\n\n\n\n<li>un exemplaire du livre<\/li>\n\n\n\n<li>un exemplaire du film<\/li>\n<\/ul>\n\n\n\n<p class=\"has-text-align-center\"><a href=\"http:\/\/asso-art.org\/index.php\/product-category\/ahimsa\/\">Voir les oeuvres<\/a><\/p>\n<\/div>\n\n\n\n<div class=\"wp-block-column is-layout-flow wp-block-column-is-layout-flow\">\n<p class=\"has-text-align-center has-text-color\" style=\"color:#a25f31\"><strong>Himalayanes &#8211; 750 \u20ac<\/strong><\/p>\n\n\n\n<ul>\n<li>une oeuvre unique encadr\u00e9e&nbsp;<br>(format de l\u2019oeuvre 20 x 20 cm)<\/li>\n\n\n\n<li>un exemplaire du livre<\/li>\n\n\n\n<li>un exemplaire du film<br><\/li>\n<\/ul>\n\n\n\n<p class=\"has-text-align-center\"><a href=\"http:\/\/asso-art.org\/index.php\/product-category\/himalayanes\/\" data-type=\"URL\" data-id=\"http:\/\/asso-art.org\/index.php\/product-category\/himalayanes\/\">Voir les oeuvres<\/a><\/p>\n<\/div>\n<\/div>\n\n\n\n<p>Si vous souhaitez en savoir plus sur ce projet, si vous souhaitez devenir adh\u00e9rents ou faire un don, si vous souhaitez diffuser les films existants dans votre structure, n\u2019h\u00e9sitez pas \u00e0 contacter l\u2019Association Aimer . Ressentir . Transmettre.<\/p>\n\n\n\n<iframe id=\"haWidget\" allowtransparency=\"true\" scrolling=\"auto\" src=\"https:\/\/www.helloasso.com\/associations\/aimer-ressentir-transmettre\/adhesions\/adhesion-2025-aimer-ressentir-transmettre\/widget\" style=\"width: 100%; height: 750px; border: none;\"><\/iframe>\n\n\n\n<p><\/p>\n","protected":false},"excerpt":{"rendered":"<p>https:\/\/www.univ-orleans.fr\/fr\/culture\/decouvrir\/le-bouillon Ce nouveau projet port\u00e9 par A.R.T mettra en lumi\u00e8re la pratique artistique et le parcours de l\u2019artiste Jani.Un film sera r\u00e9alis\u00e9 par Equipage Media, permettant \u00e0 l\u2019artiste de partager son exp\u00e9rience, son savoir-faire et son savoir-\u00eatre\u2026.Un nouvel ouvrage sera publi\u00e9 aux Editions Diabase, rassemblant notes d\u2019ateliers et r\u00e9flexions de vie.Jani a sp\u00e9cialement r\u00e9alis\u00e9 pour &hellip; <\/p>\n<p class=\"link-more\"><a href=\"https:\/\/asso-art.org\/index.php\/actualites\/\" class=\"more-link\">Continue reading<span class=\"screen-reader-text\"> &#8220;Actualit\u00e9s&#8221;<\/span><\/a><\/p>\n","protected":false},"author":1,"featured_media":0,"parent":0,"menu_order":0,"comment_status":"closed","ping_status":"closed","template":"","meta":{"footnotes":""},"_links":{"self":[{"href":"https:\/\/asso-art.org\/index.php\/wp-json\/wp\/v2\/pages\/129"}],"collection":[{"href":"https:\/\/asso-art.org\/index.php\/wp-json\/wp\/v2\/pages"}],"about":[{"href":"https:\/\/asso-art.org\/index.php\/wp-json\/wp\/v2\/types\/page"}],"author":[{"embeddable":true,"href":"https:\/\/asso-art.org\/index.php\/wp-json\/wp\/v2\/users\/1"}],"replies":[{"embeddable":true,"href":"https:\/\/asso-art.org\/index.php\/wp-json\/wp\/v2\/comments?post=129"}],"version-history":[{"count":46,"href":"https:\/\/asso-art.org\/index.php\/wp-json\/wp\/v2\/pages\/129\/revisions"}],"predecessor-version":[{"id":430,"href":"https:\/\/asso-art.org\/index.php\/wp-json\/wp\/v2\/pages\/129\/revisions\/430"}],"wp:attachment":[{"href":"https:\/\/asso-art.org\/index.php\/wp-json\/wp\/v2\/media?parent=129"}],"curies":[{"name":"wp","href":"https:\/\/api.w.org\/{rel}","templated":true}]}}