{"id":273,"date":"2024-03-28T17:15:48","date_gmt":"2024-03-28T16:15:48","guid":{"rendered":"http:\/\/asso-art.org\/?page_id=273"},"modified":"2024-03-28T17:18:23","modified_gmt":"2024-03-28T16:18:23","slug":"boutique-en-ligne","status":"publish","type":"page","link":"https:\/\/asso-art.org\/index.php\/boutique-en-ligne\/","title":{"rendered":"Boutique en ligne"},"content":{"rendered":"\n<p>Bienvenue sur la boutique en ligne de l&#8217;association A.R.T, tout achat permet de soutenir les projets de l&#8217;association, nous vous en remercions par avance.<br>Tr\u00e8s chaleureusement,<br>Les membres du bureau<\/p>\n\n\n\n<p>Vous d\u00e9couvrirez des coffrets \u00e9tonnants, des films et ouvrages permettant de rentrer dans l&#8217;univers des artistes&#8230;<\/p>\n\n\n<p><iframe id=\"haWidget\" allowtransparency=\"true\" scrolling=\"auto\" src=\"https:\/\/www.helloasso.com\/associations\/aimer-ressentir-transmettre\/boutiques\/coffret-de-bibliophile-michel-madore\/widget\" style=\"width: 100%; height: 750px; border: none;\"><\/iframe><\/p>","protected":false},"excerpt":{"rendered":"<p>Bienvenue sur la boutique en ligne de l&#8217;association A.R.T, tout achat permet de soutenir les projets de l&#8217;association, nous vous en remercions par avance.Tr\u00e8s chaleureusement,Les membres du bureau Vous d\u00e9couvrirez des coffrets \u00e9tonnants, des films et ouvrages permettant de rentrer dans l&#8217;univers des artistes&#8230;<\/p>\n","protected":false},"author":1,"featured_media":0,"parent":0,"menu_order":0,"comment_status":"closed","ping_status":"closed","template":"","meta":{"footnotes":""},"_links":{"self":[{"href":"https:\/\/asso-art.org\/index.php\/wp-json\/wp\/v2\/pages\/273"}],"collection":[{"href":"https:\/\/asso-art.org\/index.php\/wp-json\/wp\/v2\/pages"}],"about":[{"href":"https:\/\/asso-art.org\/index.php\/wp-json\/wp\/v2\/types\/page"}],"author":[{"embeddable":true,"href":"https:\/\/asso-art.org\/index.php\/wp-json\/wp\/v2\/users\/1"}],"replies":[{"embeddable":true,"href":"https:\/\/asso-art.org\/index.php\/wp-json\/wp\/v2\/comments?post=273"}],"version-history":[{"count":9,"href":"https:\/\/asso-art.org\/index.php\/wp-json\/wp\/v2\/pages\/273\/revisions"}],"predecessor-version":[{"id":386,"href":"https:\/\/asso-art.org\/index.php\/wp-json\/wp\/v2\/pages\/273\/revisions\/386"}],"wp:attachment":[{"href":"https:\/\/asso-art.org\/index.php\/wp-json\/wp\/v2\/media?parent=273"}],"curies":[{"name":"wp","href":"https:\/\/api.w.org\/{rel}","templated":true}]}}