{"id":8,"date":"2019-03-17T16:59:43","date_gmt":"2019-03-17T15:59:43","guid":{"rendered":"http:\/\/asso-art.org\/?page_id=8"},"modified":"2023-01-17T15:12:12","modified_gmt":"2023-01-17T14:12:12","slug":"a-propos-de","status":"publish","type":"page","link":"https:\/\/asso-art.org\/index.php\/a-propos-de\/","title":{"rendered":"Concept et objectifs"},"content":{"rendered":"<p><strong>Les objectifs :<\/strong><\/p>\n<ul>\n<li>Permettre \u00e0 de nouveaux publics, jeunes ou intimid\u00e9s par l&#8217;art de d\u00e9couvrir des oeuvres, des champs artistiques, des parcours.<\/li>\n<li>Permettre \u00e0 des artistes contemporains de talent d&#8217;\u00eatre vus, d\u00e9couverts, reconnus.<\/li>\n<li>Mettre en lumi\u00e8re des pratiques artistiques rares<\/li>\n<li>Permettre \u00e0 des amateurs d&#8217;aller \u00e0 la rencontre de nouveaux talents, de se conforter dans leurs choix et de conna\u00eetre les hommes derri\u00e8res les oeuvres.<\/li>\n<\/ul>\n<p><strong>Le concept de la collection Transversalit\u00e9 :<\/strong><\/p>\n<p>Il s\u2019agit de constituer une galerie virtuelle num\u00e9rique \u00e0 partir de la monographie audiovisuelle d\u2019artistes majeurs de la cr\u00e9ation<br>\ncontemporaine. Chaque artiste fait l\u2019objet d\u2019un film original.<br>\nChaque portrait film\u00e9 permet de d\u00e9couvrir la vie et l\u2019oeuvre de l\u2019artiste et donne les rep\u00e8res essentiels de son parcours pour permettre au public n\u00e9ophyte et aux amateurs de mieux comprendre l\u2019oeuvre.<br>\nL\u2019ensemble de la collection permettra d\u2019appr\u00e9cier la diversit\u00e9 des expressions artistiques, au-del\u00e0 du medium (peinture, c\u00e9ramique, verre, photographie, bronze, orf\u00e8vrerie\u2026)<br>\nL\u2019ensemble de la collection sera ainsi un t\u00e9moignage de la cr\u00e9ation artistique contemporaine du milieu du XXe si\u00e8cle jusqu\u2019\u00e0 aujourd\u2019hui.<br>\nCollection patrimoniale, elle constituera une m\u00e9moire des gestes artistiques ayant donn\u00e9 naissance \u00e0 des oeuvres contemporaines.<br>\nChaque film est port\u00e9 par un ou plusieurs m\u00e9c\u00e8nes.<\/p>\n\n\n<figure class=\"wp-block-image size-full\"><img loading=\"lazy\" decoding=\"async\" width=\"850\" height=\"601\" src=\"http:\/\/asso-art.org\/wp-content\/uploads\/2023\/01\/Le-Berry-Republicain-7-juin-2022-web.jpg\" alt=\"\" class=\"wp-image-345\" srcset=\"https:\/\/asso-art.org\/wp-content\/uploads\/2023\/01\/Le-Berry-Republicain-7-juin-2022-web.jpg 850w, https:\/\/asso-art.org\/wp-content\/uploads\/2023\/01\/Le-Berry-Republicain-7-juin-2022-web-300x212.jpg 300w, https:\/\/asso-art.org\/wp-content\/uploads\/2023\/01\/Le-Berry-Republicain-7-juin-2022-web-768x543.jpg 768w, https:\/\/asso-art.org\/wp-content\/uploads\/2023\/01\/Le-Berry-Republicain-7-juin-2022-web-350x247.jpg 350w\" sizes=\"(max-width: 767px) 89vw, (max-width: 1000px) 54vw, (max-width: 1071px) 543px, 580px\" \/><\/figure>\n","protected":false},"excerpt":{"rendered":"<p>Les objectifs : Permettre \u00e0 de nouveaux publics, jeunes ou intimid\u00e9s par l&#8217;art de d\u00e9couvrir des oeuvres, des champs artistiques, des parcours. Permettre \u00e0 des artistes contemporains de talent d&#8217;\u00eatre vus, d\u00e9couverts, reconnus. Mettre en lumi\u00e8re des pratiques artistiques rares Permettre \u00e0 des amateurs d&#8217;aller \u00e0 la rencontre de nouveaux talents, de se conforter dans &hellip; <\/p>\n<p class=\"link-more\"><a href=\"https:\/\/asso-art.org\/index.php\/a-propos-de\/\" class=\"more-link\">Continue reading<span class=\"screen-reader-text\"> &#8220;Concept et objectifs&#8221;<\/span><\/a><\/p>\n","protected":false},"author":1,"featured_media":0,"parent":0,"menu_order":0,"comment_status":"closed","ping_status":"closed","template":"","meta":{"footnotes":""},"_links":{"self":[{"href":"https:\/\/asso-art.org\/index.php\/wp-json\/wp\/v2\/pages\/8"}],"collection":[{"href":"https:\/\/asso-art.org\/index.php\/wp-json\/wp\/v2\/pages"}],"about":[{"href":"https:\/\/asso-art.org\/index.php\/wp-json\/wp\/v2\/types\/page"}],"author":[{"embeddable":true,"href":"https:\/\/asso-art.org\/index.php\/wp-json\/wp\/v2\/users\/1"}],"replies":[{"embeddable":true,"href":"https:\/\/asso-art.org\/index.php\/wp-json\/wp\/v2\/comments?post=8"}],"version-history":[{"count":4,"href":"https:\/\/asso-art.org\/index.php\/wp-json\/wp\/v2\/pages\/8\/revisions"}],"predecessor-version":[{"id":346,"href":"https:\/\/asso-art.org\/index.php\/wp-json\/wp\/v2\/pages\/8\/revisions\/346"}],"wp:attachment":[{"href":"https:\/\/asso-art.org\/index.php\/wp-json\/wp\/v2\/media?parent=8"}],"curies":[{"name":"wp","href":"https:\/\/api.w.org\/{rel}","templated":true}]}}