{"id":165,"date":"2021-11-24T17:32:12","date_gmt":"2021-11-24T16:32:12","guid":{"rendered":"https:\/\/asso-art.org\/?post_type=product&#038;p=165"},"modified":"2021-11-26T17:37:01","modified_gmt":"2021-11-26T16:37:01","slug":"ahimsa-n7","status":"publish","type":"product","link":"https:\/\/asso-art.org\/index.php\/product\/ahimsa-n7\/","title":{"rendered":"Ahims\u00e2 n\u00b07"},"content":{"rendered":"","protected":false},"excerpt":{"rendered":"<p>pastel, huile, or et bronze sur papier<br \/>\noeuvre unique, sign\u00e9e au dos<br \/>\n20 x 13 cm &#8211; non encadr\u00e9e<\/p>\n<p>Cette oeuvre sera accompagn\u00e9e du coffret contenant un exemplaire du nouveau livre de Jani ainsi que d&#8217;un exemplaire du film.<\/p>\n<p><em>Si vous \u00eates adh\u00e9rents ou que vous souhaitez le devenir et profiter de notre &#8220;offre adh\u00e9rents&#8221;, n&#8217;h\u00e9sitez pas \u00e0 nous contacter.\u00a0<\/em><\/p>\n","protected":false},"featured_media":157,"comment_status":"closed","ping_status":"closed","template":"","meta":[],"product_cat":[21],"product_tag":[],"_links":{"self":[{"href":"https:\/\/asso-art.org\/index.php\/wp-json\/wp\/v2\/product\/165"}],"collection":[{"href":"https:\/\/asso-art.org\/index.php\/wp-json\/wp\/v2\/product"}],"about":[{"href":"https:\/\/asso-art.org\/index.php\/wp-json\/wp\/v2\/types\/product"}],"replies":[{"embeddable":true,"href":"https:\/\/asso-art.org\/index.php\/wp-json\/wp\/v2\/comments?post=165"}],"wp:featuredmedia":[{"embeddable":true,"href":"https:\/\/asso-art.org\/index.php\/wp-json\/wp\/v2\/media\/157"}],"wp:attachment":[{"href":"https:\/\/asso-art.org\/index.php\/wp-json\/wp\/v2\/media?parent=165"}],"wp:term":[{"taxonomy":"product_cat","embeddable":true,"href":"https:\/\/asso-art.org\/index.php\/wp-json\/wp\/v2\/product_cat?post=165"},{"taxonomy":"product_tag","embeddable":true,"href":"https:\/\/asso-art.org\/index.php\/wp-json\/wp\/v2\/product_tag?post=165"}],"curies":[{"name":"wp","href":"https:\/\/api.w.org\/{rel}","templated":true}]}}