{"id":304,"date":"2022-05-25T14:25:37","date_gmt":"2022-05-25T12:25:37","guid":{"rendered":"https:\/\/asso-art.org\/?post_type=product&#038;p=304"},"modified":"2022-05-25T14:43:31","modified_gmt":"2022-05-25T12:43:31","slug":"antoine-leperlier-ni-verrier-ni-peintre-ni-sculpteur","status":"publish","type":"product","link":"https:\/\/asso-art.org\/index.php\/product\/antoine-leperlier-ni-verrier-ni-peintre-ni-sculpteur\/","title":{"rendered":"Antoine Leperlier &#8211; ni verrier, ni peintre, ni sculpteur"},"content":{"rendered":"","protected":false},"excerpt":{"rendered":"<p>DVD du film sur Antoine Leperlier<br \/>\ndocumentaire en langue fran\u00e7aise (english subtitles)<\/p>\n<p><em>C&#8217;est en donnant sa chance au hasard, en lui faisant confiance, en lui donnant enfin pour mission d&#8217;ordonner le chaos en fusion, le requ\u00e9rant tout autant que ma propre volont\u00e9, que je cr\u00e9e en d\u00e9finitives ces sortes de<\/em> veduta<em> cristallis\u00e9es.<\/em> &#8211; Antoine Leperlier<\/p>\n<p>un film de B\u00e9reng\u00e8re Casanova, 2018<\/p>\n","protected":false},"featured_media":305,"comment_status":"closed","ping_status":"closed","template":"","meta":[],"product_cat":[23],"product_tag":[],"_links":{"self":[{"href":"https:\/\/asso-art.org\/index.php\/wp-json\/wp\/v2\/product\/304"}],"collection":[{"href":"https:\/\/asso-art.org\/index.php\/wp-json\/wp\/v2\/product"}],"about":[{"href":"https:\/\/asso-art.org\/index.php\/wp-json\/wp\/v2\/types\/product"}],"replies":[{"embeddable":true,"href":"https:\/\/asso-art.org\/index.php\/wp-json\/wp\/v2\/comments?post=304"}],"wp:featuredmedia":[{"embeddable":true,"href":"https:\/\/asso-art.org\/index.php\/wp-json\/wp\/v2\/media\/305"}],"wp:attachment":[{"href":"https:\/\/asso-art.org\/index.php\/wp-json\/wp\/v2\/media?parent=304"}],"wp:term":[{"taxonomy":"product_cat","embeddable":true,"href":"https:\/\/asso-art.org\/index.php\/wp-json\/wp\/v2\/product_cat?post=304"},{"taxonomy":"product_tag","embeddable":true,"href":"https:\/\/asso-art.org\/index.php\/wp-json\/wp\/v2\/product_tag?post=304"}],"curies":[{"name":"wp","href":"https:\/\/api.w.org\/{rel}","templated":true}]}}