{"id":312,"date":"2022-05-25T14:33:27","date_gmt":"2022-05-25T12:33:27","guid":{"rendered":"https:\/\/asso-art.org\/?post_type=product&#038;p=312"},"modified":"2022-05-25T14:43:50","modified_gmt":"2022-05-25T12:43:50","slug":"udo-zembok-vibrations","status":"publish","type":"product","link":"https:\/\/asso-art.org\/index.php\/product\/udo-zembok-vibrations\/","title":{"rendered":"Udo Zembok &#8211; vibrations"},"content":{"rendered":"","protected":false},"excerpt":{"rendered":"<p>DVD du film sur Udo Zembok<br \/>\ndocumentaire en langue fran\u00e7aise (english subtitles)<\/p>\n<p><i>Depuis de nombreuses ann\u00e9es Udo Zembok explore la couleur et ses relations avec la lumi\u00e8re dans le m\u00e9dium verre.<\/i> &#8211; Pascale Zembok<\/p>\n<p>un film de B\u00e9reng\u00e8re Casanova, 2018<\/p>\n","protected":false},"featured_media":313,"comment_status":"closed","ping_status":"closed","template":"","meta":[],"product_cat":[23],"product_tag":[],"_links":{"self":[{"href":"https:\/\/asso-art.org\/index.php\/wp-json\/wp\/v2\/product\/312"}],"collection":[{"href":"https:\/\/asso-art.org\/index.php\/wp-json\/wp\/v2\/product"}],"about":[{"href":"https:\/\/asso-art.org\/index.php\/wp-json\/wp\/v2\/types\/product"}],"replies":[{"embeddable":true,"href":"https:\/\/asso-art.org\/index.php\/wp-json\/wp\/v2\/comments?post=312"}],"wp:featuredmedia":[{"embeddable":true,"href":"https:\/\/asso-art.org\/index.php\/wp-json\/wp\/v2\/media\/313"}],"wp:attachment":[{"href":"https:\/\/asso-art.org\/index.php\/wp-json\/wp\/v2\/media?parent=312"}],"wp:term":[{"taxonomy":"product_cat","embeddable":true,"href":"https:\/\/asso-art.org\/index.php\/wp-json\/wp\/v2\/product_cat?post=312"},{"taxonomy":"product_tag","embeddable":true,"href":"https:\/\/asso-art.org\/index.php\/wp-json\/wp\/v2\/product_tag?post=312"}],"curies":[{"name":"wp","href":"https:\/\/api.w.org\/{rel}","templated":true}]}}