{"id":362,"date":"2023-12-12T20:40:54","date_gmt":"2023-12-12T19:40:54","guid":{"rendered":"http:\/\/asso-art.org\/?post_type=product&#038;p=362"},"modified":"2025-12-31T19:21:08","modified_gmt":"2025-12-31T18:21:08","slug":"michel-madore-coffret-de-bibliophilie-avec-exemplaire-de-tete-unique","status":"publish","type":"product","link":"https:\/\/asso-art.org\/index.php\/product\/michel-madore-coffret-de-bibliophilie-avec-exemplaire-de-tete-unique\/","title":{"rendered":"Michel Madore &#8211; coffret de bibliophilie avec exemplaire de t\u00eate unique"},"content":{"rendered":"<p>Coffret \u00e9dit\u00e9 en partenariat avec les \u00e9ditions Diabase comprenant :<\/p>\n<p>&#8211; un exemplaire du livre num\u00e9rot\u00e9<br \/>\n&#8211; un exemplaire du film Michel Madore, en bordure du silence, 2023<br \/>\n&#8211; un dessin original de l&#8217;artiste, \u00e0 choisir<\/p>\n<p>Format du coffret : 250 x 175 mm<\/p>\n","protected":false},"excerpt":{"rendered":"<p>Coffret \u00e9dit\u00e9 en partenariat avec les \u00e9ditions Diabase comprenant : &#8211; un exemplaire du livre num\u00e9rot\u00e9 &#8211; un exemplaire du film Michel Madore, en bordure du silence, 2023 &#8211; un dessin original de l&#8217;artiste, \u00e0 choisir Format du coffret : 250 x 175 mm<\/p>\n","protected":false},"featured_media":366,"comment_status":"open","ping_status":"closed","template":"","meta":[],"product_cat":[23],"product_tag":[],"_links":{"self":[{"href":"https:\/\/asso-art.org\/index.php\/wp-json\/wp\/v2\/product\/362"}],"collection":[{"href":"https:\/\/asso-art.org\/index.php\/wp-json\/wp\/v2\/product"}],"about":[{"href":"https:\/\/asso-art.org\/index.php\/wp-json\/wp\/v2\/types\/product"}],"replies":[{"embeddable":true,"href":"https:\/\/asso-art.org\/index.php\/wp-json\/wp\/v2\/comments?post=362"}],"wp:featuredmedia":[{"embeddable":true,"href":"https:\/\/asso-art.org\/index.php\/wp-json\/wp\/v2\/media\/366"}],"wp:attachment":[{"href":"https:\/\/asso-art.org\/index.php\/wp-json\/wp\/v2\/media?parent=362"}],"wp:term":[{"taxonomy":"product_cat","embeddable":true,"href":"https:\/\/asso-art.org\/index.php\/wp-json\/wp\/v2\/product_cat?post=362"},{"taxonomy":"product_tag","embeddable":true,"href":"https:\/\/asso-art.org\/index.php\/wp-json\/wp\/v2\/product_tag?post=362"}],"curies":[{"name":"wp","href":"https:\/\/api.w.org\/{rel}","templated":true}]}}